{"id":461,"date":"2021-04-05T12:12:59","date_gmt":"2021-04-05T09:12:59","guid":{"rendered":"https:\/\/milissagiyim.com\/?post_type=product&#038;p=461"},"modified":"2021-10-17T09:22:27","modified_gmt":"2021-10-17T06:22:27","slug":"printed-women-shirt","status":"publish","type":"product","link":"https:\/\/milissagiyim.com\/tr\/product\/printed-women-shirt\/","title":{"rendered":"Bask\u0131l\u0131 Kad\u0131n G\u00f6mlek"},"content":{"rendered":"<p>Bask\u0131l\u0131 Kad\u0131n G\u00f6mlek<\/p>","protected":false},"excerpt":{"rendered":"<p>Bask\u0131l\u0131 Kad\u0131n G\u00f6mlek<span class=\"more-link\"><a href=\"https:\/\/milissagiyim.com\/tr\/product\/printed-women-shirt\/\">Continue Reading<\/a><\/span><\/p>\n","protected":false},"featured_media":463,"comment_status":"open","ping_status":"closed","template":"","meta":[],"product_cat":[17],"product_tag":[],"aioseo_notices":[],"_links":{"self":[{"href":"https:\/\/milissagiyim.com\/tr\/wp-json\/wp\/v2\/product\/461"}],"collection":[{"href":"https:\/\/milissagiyim.com\/tr\/wp-json\/wp\/v2\/product"}],"about":[{"href":"https:\/\/milissagiyim.com\/tr\/wp-json\/wp\/v2\/types\/product"}],"replies":[{"embeddable":true,"href":"https:\/\/milissagiyim.com\/tr\/wp-json\/wp\/v2\/comments?post=461"}],"wp:featuredmedia":[{"embeddable":true,"href":"https:\/\/milissagiyim.com\/tr\/wp-json\/wp\/v2\/media\/463"}],"wp:attachment":[{"href":"https:\/\/milissagiyim.com\/tr\/wp-json\/wp\/v2\/media?parent=461"}],"wp:term":[{"taxonomy":"product_cat","embeddable":true,"href":"https:\/\/milissagiyim.com\/tr\/wp-json\/wp\/v2\/product_cat?post=461"},{"taxonomy":"product_tag","embeddable":true,"href":"https:\/\/milissagiyim.com\/tr\/wp-json\/wp\/v2\/product_tag?post=461"}],"curies":[{"name":"wp","href":"https:\/\/api.w.org\/{rel}","templated":true}]}}