{"id":446,"date":"2021-04-05T11:15:29","date_gmt":"2021-04-05T08:15:29","guid":{"rendered":"https:\/\/milissagiyim.com\/?post_type=product&#038;p=446"},"modified":"2021-04-05T11:15:30","modified_gmt":"2021-04-05T08:15:30","slug":"printed-casual-women-shirt","status":"publish","type":"product","link":"https:\/\/milissagiyim.com\/tr\/product\/printed-casual-women-shirt\/","title":{"rendered":"Bask\u0131l\u0131 G\u00fcnl\u00fck Kad\u0131n G\u00f6mlek"},"content":{"rendered":"<p>Bask\u0131l\u0131 G\u00fcnl\u00fck Kad\u0131n G\u00f6mlek<\/p>","protected":false},"excerpt":{"rendered":"<p>Bask\u0131l\u0131 G\u00fcnl\u00fck Kad\u0131n G\u00f6mlek<span class=\"more-link\"><a href=\"https:\/\/milissagiyim.com\/tr\/product\/printed-casual-women-shirt\/\">Continue Reading<\/a><\/span><\/p>\n","protected":false},"featured_media":448,"comment_status":"open","ping_status":"closed","template":"","meta":[],"product_cat":[17],"product_tag":[],"aioseo_notices":[],"_links":{"self":[{"href":"https:\/\/milissagiyim.com\/tr\/wp-json\/wp\/v2\/product\/446"}],"collection":[{"href":"https:\/\/milissagiyim.com\/tr\/wp-json\/wp\/v2\/product"}],"about":[{"href":"https:\/\/milissagiyim.com\/tr\/wp-json\/wp\/v2\/types\/product"}],"replies":[{"embeddable":true,"href":"https:\/\/milissagiyim.com\/tr\/wp-json\/wp\/v2\/comments?post=446"}],"wp:featuredmedia":[{"embeddable":true,"href":"https:\/\/milissagiyim.com\/tr\/wp-json\/wp\/v2\/media\/448"}],"wp:attachment":[{"href":"https:\/\/milissagiyim.com\/tr\/wp-json\/wp\/v2\/media?parent=446"}],"wp:term":[{"taxonomy":"product_cat","embeddable":true,"href":"https:\/\/milissagiyim.com\/tr\/wp-json\/wp\/v2\/product_cat?post=446"},{"taxonomy":"product_tag","embeddable":true,"href":"https:\/\/milissagiyim.com\/tr\/wp-json\/wp\/v2\/product_tag?post=446"}],"curies":[{"name":"wp","href":"https:\/\/api.w.org\/{rel}","templated":true}]}}