{"id":435,"date":"2021-04-01T18:33:31","date_gmt":"2021-04-01T15:33:31","guid":{"rendered":"https:\/\/milissagiyim.com\/?post_type=product&#038;p=435"},"modified":"2021-04-05T11:38:19","modified_gmt":"2021-04-05T08:38:19","slug":"laser-embroidered-women-pajamas","status":"publish","type":"product","link":"https:\/\/milissagiyim.com\/tr\/product\/laser-embroidered-women-pajamas\/","title":{"rendered":"Lazer \u0130\u015flemeli Kad\u0131n Pijama"},"content":{"rendered":"<p>Lazer \u0130\u015flemeli Kad\u0131n Pijama<\/p>","protected":false},"excerpt":{"rendered":"<p>Lazer \u0130\u015flemeli Kad\u0131n Pijama<span class=\"more-link\"><a href=\"https:\/\/milissagiyim.com\/tr\/product\/laser-embroidered-women-pajamas\/\">Continue Reading<\/a><\/span><\/p>\n","protected":false},"featured_media":437,"comment_status":"open","ping_status":"closed","template":"","meta":[],"product_cat":[32],"product_tag":[],"aioseo_notices":[],"_links":{"self":[{"href":"https:\/\/milissagiyim.com\/tr\/wp-json\/wp\/v2\/product\/435"}],"collection":[{"href":"https:\/\/milissagiyim.com\/tr\/wp-json\/wp\/v2\/product"}],"about":[{"href":"https:\/\/milissagiyim.com\/tr\/wp-json\/wp\/v2\/types\/product"}],"replies":[{"embeddable":true,"href":"https:\/\/milissagiyim.com\/tr\/wp-json\/wp\/v2\/comments?post=435"}],"wp:featuredmedia":[{"embeddable":true,"href":"https:\/\/milissagiyim.com\/tr\/wp-json\/wp\/v2\/media\/437"}],"wp:attachment":[{"href":"https:\/\/milissagiyim.com\/tr\/wp-json\/wp\/v2\/media?parent=435"}],"wp:term":[{"taxonomy":"product_cat","embeddable":true,"href":"https:\/\/milissagiyim.com\/tr\/wp-json\/wp\/v2\/product_cat?post=435"},{"taxonomy":"product_tag","embeddable":true,"href":"https:\/\/milissagiyim.com\/tr\/wp-json\/wp\/v2\/product_tag?post=435"}],"curies":[{"name":"wp","href":"https:\/\/api.w.org\/{rel}","templated":true}]}}