{"id":426,"date":"2021-04-01T17:53:53","date_gmt":"2021-04-01T14:53:53","guid":{"rendered":"https:\/\/milissagiyim.com\/?post_type=product&#038;p=426"},"modified":"2021-04-01T18:00:52","modified_gmt":"2021-04-01T15:00:52","slug":"women-laser-embroidered-dress-summer","status":"publish","type":"product","link":"https:\/\/milissagiyim.com\/tr\/product\/women-laser-embroidered-dress-summer\/","title":{"rendered":"Lazer \u0130\u015flemeli Kad\u0131n Elbise"},"content":{"rendered":"<p>Lazer \u0130\u015flemeli Kad\u0131n Elbise<\/p>","protected":false},"excerpt":{"rendered":"<p>Lazer \u0130\u015flemeli Kad\u0131n Elbise<span class=\"more-link\"><a href=\"https:\/\/milissagiyim.com\/tr\/product\/women-laser-embroidered-dress-summer\/\">Continue Reading<\/a><\/span><\/p>\n","protected":false},"featured_media":428,"comment_status":"open","ping_status":"closed","template":"","meta":[],"product_cat":[46],"product_tag":[44],"aioseo_notices":[],"_links":{"self":[{"href":"https:\/\/milissagiyim.com\/tr\/wp-json\/wp\/v2\/product\/426"}],"collection":[{"href":"https:\/\/milissagiyim.com\/tr\/wp-json\/wp\/v2\/product"}],"about":[{"href":"https:\/\/milissagiyim.com\/tr\/wp-json\/wp\/v2\/types\/product"}],"replies":[{"embeddable":true,"href":"https:\/\/milissagiyim.com\/tr\/wp-json\/wp\/v2\/comments?post=426"}],"wp:featuredmedia":[{"embeddable":true,"href":"https:\/\/milissagiyim.com\/tr\/wp-json\/wp\/v2\/media\/428"}],"wp:attachment":[{"href":"https:\/\/milissagiyim.com\/tr\/wp-json\/wp\/v2\/media?parent=426"}],"wp:term":[{"taxonomy":"product_cat","embeddable":true,"href":"https:\/\/milissagiyim.com\/tr\/wp-json\/wp\/v2\/product_cat?post=426"},{"taxonomy":"product_tag","embeddable":true,"href":"https:\/\/milissagiyim.com\/tr\/wp-json\/wp\/v2\/product_tag?post=426"}],"curies":[{"name":"wp","href":"https:\/\/api.w.org\/{rel}","templated":true}]}}