{"id":420,"date":"2021-04-01T17:49:12","date_gmt":"2021-04-01T14:49:12","guid":{"rendered":"https:\/\/milissagiyim.com\/?post_type=product&#038;p=420"},"modified":"2021-04-01T17:49:32","modified_gmt":"2021-04-01T14:49:32","slug":"women-open-shoulders-dress","status":"publish","type":"product","link":"https:\/\/milissagiyim.com\/tr\/product\/women-open-shoulders-dress\/","title":{"rendered":"Kad\u0131n A\u00e7\u0131k Omuz Elbise"},"content":{"rendered":"<p>Kad\u0131n A\u00e7\u0131k Omuz Elbise<\/p>","protected":false},"excerpt":{"rendered":"<p>Kad\u0131n A\u00e7\u0131k Omuz Elbise<span class=\"more-link\"><a href=\"https:\/\/milissagiyim.com\/tr\/product\/women-open-shoulders-dress\/\">Continue Reading<\/a><\/span><\/p>\n","protected":false},"featured_media":422,"comment_status":"open","ping_status":"closed","template":"","meta":[],"product_cat":[46],"product_tag":[35],"aioseo_notices":[],"_links":{"self":[{"href":"https:\/\/milissagiyim.com\/tr\/wp-json\/wp\/v2\/product\/420"}],"collection":[{"href":"https:\/\/milissagiyim.com\/tr\/wp-json\/wp\/v2\/product"}],"about":[{"href":"https:\/\/milissagiyim.com\/tr\/wp-json\/wp\/v2\/types\/product"}],"replies":[{"embeddable":true,"href":"https:\/\/milissagiyim.com\/tr\/wp-json\/wp\/v2\/comments?post=420"}],"wp:featuredmedia":[{"embeddable":true,"href":"https:\/\/milissagiyim.com\/tr\/wp-json\/wp\/v2\/media\/422"}],"wp:attachment":[{"href":"https:\/\/milissagiyim.com\/tr\/wp-json\/wp\/v2\/media?parent=420"}],"wp:term":[{"taxonomy":"product_cat","embeddable":true,"href":"https:\/\/milissagiyim.com\/tr\/wp-json\/wp\/v2\/product_cat?post=420"},{"taxonomy":"product_tag","embeddable":true,"href":"https:\/\/milissagiyim.com\/tr\/wp-json\/wp\/v2\/product_tag?post=420"}],"curies":[{"name":"wp","href":"https:\/\/api.w.org\/{rel}","templated":true}]}}