{"id":391,"date":"2021-03-29T20:12:56","date_gmt":"2021-03-29T17:12:56","guid":{"rendered":"https:\/\/milissagiyim.com\/?post_type=product&#038;p=391"},"modified":"2021-03-29T20:12:56","modified_gmt":"2021-03-29T17:12:56","slug":"embroidered-women-dress","status":"publish","type":"product","link":"https:\/\/milissagiyim.com\/tr\/product\/embroidered-women-dress\/","title":{"rendered":"\u0130\u015flemeli Kad\u0131n Elbise"},"content":{"rendered":"<p>\u0130\u015flemeli Kad\u0131n Elbise<\/p>","protected":false},"excerpt":{"rendered":"<p>\u0130\u015flemeli Kad\u0131n Elbise<span class=\"more-link\"><a href=\"https:\/\/milissagiyim.com\/tr\/product\/embroidered-women-dress\/\">Continue Reading<\/a><\/span><\/p>\n","protected":false},"featured_media":392,"comment_status":"open","ping_status":"closed","template":"","meta":[],"product_cat":[46],"product_tag":[],"aioseo_notices":[],"_links":{"self":[{"href":"https:\/\/milissagiyim.com\/tr\/wp-json\/wp\/v2\/product\/391"}],"collection":[{"href":"https:\/\/milissagiyim.com\/tr\/wp-json\/wp\/v2\/product"}],"about":[{"href":"https:\/\/milissagiyim.com\/tr\/wp-json\/wp\/v2\/types\/product"}],"replies":[{"embeddable":true,"href":"https:\/\/milissagiyim.com\/tr\/wp-json\/wp\/v2\/comments?post=391"}],"wp:featuredmedia":[{"embeddable":true,"href":"https:\/\/milissagiyim.com\/tr\/wp-json\/wp\/v2\/media\/392"}],"wp:attachment":[{"href":"https:\/\/milissagiyim.com\/tr\/wp-json\/wp\/v2\/media?parent=391"}],"wp:term":[{"taxonomy":"product_cat","embeddable":true,"href":"https:\/\/milissagiyim.com\/tr\/wp-json\/wp\/v2\/product_cat?post=391"},{"taxonomy":"product_tag","embeddable":true,"href":"https:\/\/milissagiyim.com\/tr\/wp-json\/wp\/v2\/product_tag?post=391"}],"curies":[{"name":"wp","href":"https:\/\/api.w.org\/{rel}","templated":true}]}}