{"id":384,"date":"2021-03-28T08:44:32","date_gmt":"2021-03-28T05:44:32","guid":{"rendered":"https:\/\/milissagiyim.com\/?post_type=product&#038;p=384"},"modified":"2021-03-28T08:49:24","modified_gmt":"2021-03-28T05:49:24","slug":"women-satin-printed-shirt","status":"publish","type":"product","link":"https:\/\/milissagiyim.com\/tr\/product\/women-satin-printed-shirt\/","title":{"rendered":"Kad\u0131n Saten Bask\u0131l\u0131 G\u00f6mlek"},"content":{"rendered":"<p>Kad\u0131n Saten Bask\u0131l\u0131 G\u00f6mlek<\/p>","protected":false},"excerpt":{"rendered":"<p>Kad\u0131n Saten Bask\u0131l\u0131 G\u00f6mlek<span class=\"more-link\"><a href=\"https:\/\/milissagiyim.com\/tr\/product\/women-satin-printed-shirt\/\">Continue Reading<\/a><\/span><\/p>\n","protected":false},"featured_media":385,"comment_status":"open","ping_status":"closed","template":"","meta":[],"product_cat":[17],"product_tag":[45],"aioseo_notices":[],"_links":{"self":[{"href":"https:\/\/milissagiyim.com\/tr\/wp-json\/wp\/v2\/product\/384"}],"collection":[{"href":"https:\/\/milissagiyim.com\/tr\/wp-json\/wp\/v2\/product"}],"about":[{"href":"https:\/\/milissagiyim.com\/tr\/wp-json\/wp\/v2\/types\/product"}],"replies":[{"embeddable":true,"href":"https:\/\/milissagiyim.com\/tr\/wp-json\/wp\/v2\/comments?post=384"}],"wp:featuredmedia":[{"embeddable":true,"href":"https:\/\/milissagiyim.com\/tr\/wp-json\/wp\/v2\/media\/385"}],"wp:attachment":[{"href":"https:\/\/milissagiyim.com\/tr\/wp-json\/wp\/v2\/media?parent=384"}],"wp:term":[{"taxonomy":"product_cat","embeddable":true,"href":"https:\/\/milissagiyim.com\/tr\/wp-json\/wp\/v2\/product_cat?post=384"},{"taxonomy":"product_tag","embeddable":true,"href":"https:\/\/milissagiyim.com\/tr\/wp-json\/wp\/v2\/product_tag?post=384"}],"curies":[{"name":"wp","href":"https:\/\/api.w.org\/{rel}","templated":true}]}}