{"id":373,"date":"2021-03-27T10:39:38","date_gmt":"2021-03-27T07:39:38","guid":{"rendered":"https:\/\/milissagiyim.com\/?post_type=product&#038;p=373"},"modified":"2021-03-27T11:04:23","modified_gmt":"2021-03-27T08:04:23","slug":"women-linen-shirt","status":"publish","type":"product","link":"https:\/\/milissagiyim.com\/tr\/product\/women-linen-shirt\/","title":{"rendered":"Keten Kad\u0131n G\u00f6mlek"},"content":{"rendered":"<p>Keten Kad\u0131n G\u00f6mlek<\/p>","protected":false},"excerpt":{"rendered":"<p>Keten Kad\u0131n G\u00f6mlek<span class=\"more-link\"><a href=\"https:\/\/milissagiyim.com\/tr\/product\/women-linen-shirt\/\">Continue Reading<\/a><\/span><\/p>\n","protected":false},"featured_media":370,"comment_status":"open","ping_status":"closed","template":"","meta":[],"product_cat":[43],"product_tag":[35],"aioseo_notices":[],"_links":{"self":[{"href":"https:\/\/milissagiyim.com\/tr\/wp-json\/wp\/v2\/product\/373"}],"collection":[{"href":"https:\/\/milissagiyim.com\/tr\/wp-json\/wp\/v2\/product"}],"about":[{"href":"https:\/\/milissagiyim.com\/tr\/wp-json\/wp\/v2\/types\/product"}],"replies":[{"embeddable":true,"href":"https:\/\/milissagiyim.com\/tr\/wp-json\/wp\/v2\/comments?post=373"}],"wp:featuredmedia":[{"embeddable":true,"href":"https:\/\/milissagiyim.com\/tr\/wp-json\/wp\/v2\/media\/370"}],"wp:attachment":[{"href":"https:\/\/milissagiyim.com\/tr\/wp-json\/wp\/v2\/media?parent=373"}],"wp:term":[{"taxonomy":"product_cat","embeddable":true,"href":"https:\/\/milissagiyim.com\/tr\/wp-json\/wp\/v2\/product_cat?post=373"},{"taxonomy":"product_tag","embeddable":true,"href":"https:\/\/milissagiyim.com\/tr\/wp-json\/wp\/v2\/product_tag?post=373"}],"curies":[{"name":"wp","href":"https:\/\/api.w.org\/{rel}","templated":true}]}}