{"id":351,"date":"2021-03-26T17:52:49","date_gmt":"2021-03-26T14:52:49","guid":{"rendered":"https:\/\/milissagiyim.com\/?post_type=product&#038;p=351"},"modified":"2021-03-26T17:53:29","modified_gmt":"2021-03-26T14:53:29","slug":"summer-women-shirt","status":"publish","type":"product","link":"https:\/\/milissagiyim.com\/tr\/product\/summer-women-shirt\/","title":{"rendered":"Yaz Kad\u0131n G\u00f6mlek"},"content":{"rendered":"<p>Yaz Kad\u0131n G\u00f6mlek<\/p>","protected":false},"excerpt":{"rendered":"<p>Yaz Kad\u0131n G\u00f6mlek<span class=\"more-link\"><a href=\"https:\/\/milissagiyim.com\/tr\/product\/summer-women-shirt\/\">Continue Reading<\/a><\/span><\/p>\n","protected":false},"featured_media":353,"comment_status":"open","ping_status":"closed","template":"","meta":[],"product_cat":[17],"product_tag":[39,38],"aioseo_notices":[],"_links":{"self":[{"href":"https:\/\/milissagiyim.com\/tr\/wp-json\/wp\/v2\/product\/351"}],"collection":[{"href":"https:\/\/milissagiyim.com\/tr\/wp-json\/wp\/v2\/product"}],"about":[{"href":"https:\/\/milissagiyim.com\/tr\/wp-json\/wp\/v2\/types\/product"}],"replies":[{"embeddable":true,"href":"https:\/\/milissagiyim.com\/tr\/wp-json\/wp\/v2\/comments?post=351"}],"wp:featuredmedia":[{"embeddable":true,"href":"https:\/\/milissagiyim.com\/tr\/wp-json\/wp\/v2\/media\/353"}],"wp:attachment":[{"href":"https:\/\/milissagiyim.com\/tr\/wp-json\/wp\/v2\/media?parent=351"}],"wp:term":[{"taxonomy":"product_cat","embeddable":true,"href":"https:\/\/milissagiyim.com\/tr\/wp-json\/wp\/v2\/product_cat?post=351"},{"taxonomy":"product_tag","embeddable":true,"href":"https:\/\/milissagiyim.com\/tr\/wp-json\/wp\/v2\/product_tag?post=351"}],"curies":[{"name":"wp","href":"https:\/\/api.w.org\/{rel}","templated":true}]}}