{"id":347,"date":"2021-03-26T14:29:43","date_gmt":"2021-03-26T11:29:43","guid":{"rendered":"https:\/\/milissagiyim.com\/?post_type=product&#038;p=347"},"modified":"2021-03-26T17:42:48","modified_gmt":"2021-03-26T14:42:48","slug":"printed-women-long-shirt","status":"publish","type":"product","link":"https:\/\/milissagiyim.com\/tr\/product\/printed-women-long-shirt\/","title":{"rendered":"Bask\u0131l\u0131 Kad\u0131n Uzun G\u00f6mlek"},"content":{"rendered":"<p>Bask\u0131l\u0131 Kad\u0131n Uzun G\u00f6mlek<\/p>","protected":false},"excerpt":{"rendered":"<p>Bask\u0131l\u0131 Kad\u0131n Uzun G\u00f6mlek<span class=\"more-link\"><a href=\"https:\/\/milissagiyim.com\/tr\/product\/printed-women-long-shirt\/\">Continue Reading<\/a><\/span><\/p>\n","protected":false},"featured_media":349,"comment_status":"open","ping_status":"closed","template":"","meta":[],"product_cat":[17],"product_tag":[44],"aioseo_notices":[],"_links":{"self":[{"href":"https:\/\/milissagiyim.com\/tr\/wp-json\/wp\/v2\/product\/347"}],"collection":[{"href":"https:\/\/milissagiyim.com\/tr\/wp-json\/wp\/v2\/product"}],"about":[{"href":"https:\/\/milissagiyim.com\/tr\/wp-json\/wp\/v2\/types\/product"}],"replies":[{"embeddable":true,"href":"https:\/\/milissagiyim.com\/tr\/wp-json\/wp\/v2\/comments?post=347"}],"wp:featuredmedia":[{"embeddable":true,"href":"https:\/\/milissagiyim.com\/tr\/wp-json\/wp\/v2\/media\/349"}],"wp:attachment":[{"href":"https:\/\/milissagiyim.com\/tr\/wp-json\/wp\/v2\/media?parent=347"}],"wp:term":[{"taxonomy":"product_cat","embeddable":true,"href":"https:\/\/milissagiyim.com\/tr\/wp-json\/wp\/v2\/product_cat?post=347"},{"taxonomy":"product_tag","embeddable":true,"href":"https:\/\/milissagiyim.com\/tr\/wp-json\/wp\/v2\/product_tag?post=347"}],"curies":[{"name":"wp","href":"https:\/\/api.w.org\/{rel}","templated":true}]}}