{"id":345,"date":"2021-03-25T16:15:32","date_gmt":"2021-03-25T13:15:32","guid":{"rendered":"https:\/\/milissagiyim.com\/?post_type=product&#038;p=345"},"modified":"2021-03-27T21:02:39","modified_gmt":"2021-03-27T18:02:39","slug":"casual-women-embroidered-jacket","status":"publish","type":"product","link":"https:\/\/milissagiyim.com\/tr\/product\/casual-women-embroidered-jacket\/","title":{"rendered":"Casual kad\u0131n i\u015flemeli ceket"},"content":{"rendered":"<p>Casual kad\u0131n i\u015flemeli ceket<\/p>","protected":false},"excerpt":{"rendered":"<p>Casual kad\u0131n i\u015flemeli ceket<span class=\"more-link\"><a href=\"https:\/\/milissagiyim.com\/tr\/product\/casual-women-embroidered-jacket\/\">Continue Reading<\/a><\/span><\/p>\n","protected":false},"featured_media":342,"comment_status":"open","ping_status":"closed","template":"","meta":[],"product_cat":[43],"product_tag":[40],"aioseo_notices":[],"_links":{"self":[{"href":"https:\/\/milissagiyim.com\/tr\/wp-json\/wp\/v2\/product\/345"}],"collection":[{"href":"https:\/\/milissagiyim.com\/tr\/wp-json\/wp\/v2\/product"}],"about":[{"href":"https:\/\/milissagiyim.com\/tr\/wp-json\/wp\/v2\/types\/product"}],"replies":[{"embeddable":true,"href":"https:\/\/milissagiyim.com\/tr\/wp-json\/wp\/v2\/comments?post=345"}],"wp:featuredmedia":[{"embeddable":true,"href":"https:\/\/milissagiyim.com\/tr\/wp-json\/wp\/v2\/media\/342"}],"wp:attachment":[{"href":"https:\/\/milissagiyim.com\/tr\/wp-json\/wp\/v2\/media?parent=345"}],"wp:term":[{"taxonomy":"product_cat","embeddable":true,"href":"https:\/\/milissagiyim.com\/tr\/wp-json\/wp\/v2\/product_cat?post=345"},{"taxonomy":"product_tag","embeddable":true,"href":"https:\/\/milissagiyim.com\/tr\/wp-json\/wp\/v2\/product_tag?post=345"}],"curies":[{"name":"wp","href":"https:\/\/api.w.org\/{rel}","templated":true}]}}