{"id":318,"date":"2021-03-25T15:52:07","date_gmt":"2021-03-25T12:52:07","guid":{"rendered":"https:\/\/milissagiyim.com\/?post_type=product&#038;p=318"},"modified":"2021-03-25T15:52:08","modified_gmt":"2021-03-25T12:52:08","slug":"embroidered-casual-women-shirt","status":"publish","type":"product","link":"https:\/\/milissagiyim.com\/tr\/product\/embroidered-casual-women-shirt\/","title":{"rendered":"\u0130\u015flemeli G\u00fcnl\u00fck Kad\u0131n G\u00f6mlek"},"content":{"rendered":"<p>\u0130\u015flemeli G\u00fcnl\u00fck Kad\u0131n G\u00f6mlek<\/p>","protected":false},"excerpt":{"rendered":"<p>\u0130\u015flemeli G\u00fcnl\u00fck Kad\u0131n G\u00f6mlek<span class=\"more-link\"><a href=\"https:\/\/milissagiyim.com\/tr\/product\/embroidered-casual-women-shirt\/\">Continue Reading<\/a><\/span><\/p>\n","protected":false},"featured_media":319,"comment_status":"open","ping_status":"closed","template":"","meta":[],"product_cat":[17],"product_tag":[40],"aioseo_notices":[],"_links":{"self":[{"href":"https:\/\/milissagiyim.com\/tr\/wp-json\/wp\/v2\/product\/318"}],"collection":[{"href":"https:\/\/milissagiyim.com\/tr\/wp-json\/wp\/v2\/product"}],"about":[{"href":"https:\/\/milissagiyim.com\/tr\/wp-json\/wp\/v2\/types\/product"}],"replies":[{"embeddable":true,"href":"https:\/\/milissagiyim.com\/tr\/wp-json\/wp\/v2\/comments?post=318"}],"wp:featuredmedia":[{"embeddable":true,"href":"https:\/\/milissagiyim.com\/tr\/wp-json\/wp\/v2\/media\/319"}],"wp:attachment":[{"href":"https:\/\/milissagiyim.com\/tr\/wp-json\/wp\/v2\/media?parent=318"}],"wp:term":[{"taxonomy":"product_cat","embeddable":true,"href":"https:\/\/milissagiyim.com\/tr\/wp-json\/wp\/v2\/product_cat?post=318"},{"taxonomy":"product_tag","embeddable":true,"href":"https:\/\/milissagiyim.com\/tr\/wp-json\/wp\/v2\/product_tag?post=318"}],"curies":[{"name":"wp","href":"https:\/\/api.w.org\/{rel}","templated":true}]}}