{"id":302,"date":"2021-03-24T17:45:10","date_gmt":"2021-03-24T14:45:10","guid":{"rendered":"https:\/\/milissagiyim.com\/?post_type=product&#038;p=302"},"modified":"2021-03-25T09:44:08","modified_gmt":"2021-03-25T06:44:08","slug":"casual-printed-women-shirt","status":"publish","type":"product","link":"https:\/\/milissagiyim.com\/tr\/product\/casual-printed-women-shirt\/","title":{"rendered":"Bask\u0131l\u0131 Bayan G\u00f6mlek"},"content":{"rendered":"<p>Bask\u0131l\u0131 Bayan G\u00f6mlek<\/p>\n<p>Poplin ve saten \u0131s\u0131tmal\u0131 bask\u0131l\u0131 kad\u0131n g\u00f6mlek<\/p>","protected":false},"excerpt":{"rendered":"<p>Bask\u0131l\u0131 Bayan G\u00f6mlek Poplin ve saten \u0131s\u0131tmal\u0131 bask\u0131l\u0131 kad\u0131n g\u00f6mlek<span class=\"more-link\"><a href=\"https:\/\/milissagiyim.com\/tr\/product\/casual-printed-women-shirt\/\">Continue Reading<\/a><\/span><\/p>\n","protected":false},"featured_media":304,"comment_status":"open","ping_status":"closed","template":"","meta":[],"product_cat":[17],"product_tag":[40],"aioseo_notices":[],"_links":{"self":[{"href":"https:\/\/milissagiyim.com\/tr\/wp-json\/wp\/v2\/product\/302"}],"collection":[{"href":"https:\/\/milissagiyim.com\/tr\/wp-json\/wp\/v2\/product"}],"about":[{"href":"https:\/\/milissagiyim.com\/tr\/wp-json\/wp\/v2\/types\/product"}],"replies":[{"embeddable":true,"href":"https:\/\/milissagiyim.com\/tr\/wp-json\/wp\/v2\/comments?post=302"}],"wp:featuredmedia":[{"embeddable":true,"href":"https:\/\/milissagiyim.com\/tr\/wp-json\/wp\/v2\/media\/304"}],"wp:attachment":[{"href":"https:\/\/milissagiyim.com\/tr\/wp-json\/wp\/v2\/media?parent=302"}],"wp:term":[{"taxonomy":"product_cat","embeddable":true,"href":"https:\/\/milissagiyim.com\/tr\/wp-json\/wp\/v2\/product_cat?post=302"},{"taxonomy":"product_tag","embeddable":true,"href":"https:\/\/milissagiyim.com\/tr\/wp-json\/wp\/v2\/product_tag?post=302"}],"curies":[{"name":"wp","href":"https:\/\/api.w.org\/{rel}","templated":true}]}}