{"id":63,"date":"2020-10-14T19:04:15","date_gmt":"2020-10-14T19:04:15","guid":{"rendered":"https:\/\/milissagiyim.com\/?page_id=63"},"modified":"2020-10-15T22:33:42","modified_gmt":"2020-10-15T19:33:42","slug":"about-us","status":"publish","type":"page","link":"https:\/\/milissagiyim.com\/tr\/about-us\/","title":{"rendered":"Hakk\u0131m\u0131zda"},"content":{"rendered":"<p>\u015eirketimiz 2000 y\u0131l\u0131nda \u015eam&#8217;da El-Hamra ticaret b\u00f6lgesinde k\u0131yafet ticareti ve sat\u0131\u015f\u0131 yapan bir ma\u011fazada kurulmu\u015f, daha sonra i\u015fini kad\u0131n giyim imalat\u0131na geni\u015fletmi\u015f ve bayan giyim \u00fcretimi i\u00e7in fabrikan\u0131n yan\u0131 s\u0131ra perakende giyim satan \u00fc\u00e7 ma\u011fazaya a\u00e7\u0131lm\u0131\u015ft\u0131r.<\/p>\n<p>2015 y\u0131l\u0131nda, Suriye&#8217;nin i\u00e7inde bulundu\u011fu \u015fartlar nedeniyle, \u015firketin faaliyeti Suriye&#8217;ye yak\u0131n k\u0131y\u0131 kenti Mersin&#8217;e ta\u015f\u0131nd\u0131 ve kad\u0131n giyim \u00fcretimi ve ticaretinde bir \u00f6nceki faaliyetimize hemen ba\u015flamak i\u00e7in Meizitli b\u00f6lgesinde iki ma\u011fazan\u0131n yan\u0131 s\u0131ra do\u011frudan m\u00fc\u015fteriye k\u0131yafet satmak i\u00e7in bir fabrika kurduk.<\/p>","protected":false},"excerpt":{"rendered":"<p>\u015eirketimiz 2000 y\u0131l\u0131nda \u015eam&#8217;da El-Hamra ticaret b\u00f6lgesinde k\u0131yafet ticareti ve sat\u0131\u015f\u0131 yapan bir ma\u011fazada kurulmu\u015f, daha sonra i\u015fini kad\u0131n giyim imalat\u0131na geni\u015fletmi\u015f ve bayan giyim \u00fcretimi i\u00e7in fabrikan\u0131n yan\u0131 s\u0131ra perakende giyim satan \u00fc\u00e7 ma\u011fazaya a\u00e7\u0131lm\u0131\u015ft\u0131r. 2015 y\u0131l\u0131nda, Suriye&#8217;nin i\u00e7inde bulundu\u011fu \u015fartlar nedeniyle, \u015firketin faaliyeti Suriye&#8217;ye yak\u0131n k\u0131y\u0131 kenti Mersin&#8217;e<span class=\"more-link\"><a href=\"https:\/\/milissagiyim.com\/tr\/about-us\/\">Continue Reading<\/a><\/span><\/p>\n","protected":false},"author":1,"featured_media":0,"parent":0,"menu_order":0,"comment_status":"closed","ping_status":"closed","template":"","meta":[],"aioseo_notices":[],"_links":{"self":[{"href":"https:\/\/milissagiyim.com\/tr\/wp-json\/wp\/v2\/pages\/63"}],"collection":[{"href":"https:\/\/milissagiyim.com\/tr\/wp-json\/wp\/v2\/pages"}],"about":[{"href":"https:\/\/milissagiyim.com\/tr\/wp-json\/wp\/v2\/types\/page"}],"author":[{"embeddable":true,"href":"https:\/\/milissagiyim.com\/tr\/wp-json\/wp\/v2\/users\/1"}],"replies":[{"embeddable":true,"href":"https:\/\/milissagiyim.com\/tr\/wp-json\/wp\/v2\/comments?post=63"}],"version-history":[{"count":6,"href":"https:\/\/milissagiyim.com\/tr\/wp-json\/wp\/v2\/pages\/63\/revisions"}],"predecessor-version":[{"id":129,"href":"https:\/\/milissagiyim.com\/tr\/wp-json\/wp\/v2\/pages\/63\/revisions\/129"}],"wp:attachment":[{"href":"https:\/\/milissagiyim.com\/tr\/wp-json\/wp\/v2\/media?parent=63"}],"curies":[{"name":"wp","href":"https:\/\/api.w.org\/{rel}","templated":true}]}}