{"id":162,"date":"2020-10-16T11:00:14","date_gmt":"2020-10-16T08:00:14","guid":{"rendered":"https:\/\/milissagiyim.com\/?page_id=162"},"modified":"2020-10-17T14:25:14","modified_gmt":"2020-10-17T11:25:14","slug":"sale","status":"publish","type":"page","link":"https:\/\/milissagiyim.com\/tr\/sale\/","title":{"rendered":"\u0130ndirim"},"content":{"rendered":"<div class=\"woocommerce columns-4 \"><ul class=\"products columns-4\">\n<li class=\"entry author-sabah product type-product post-429 status-publish first instock product_cat-women-dress product_tag-tatu has-post-thumbnail sale taxable shipping-taxable purchasable product-type-variable\">\n\t\t\t\t<a \n\t\t\thref='https:\/\/wa.me\/+905550777209?text=I want to buy->  \r\nYar\u0131m Kol Kad\u0131n Elbise\r\n  Qty:1\r\n  Price:46 USD'\n\t\t\tclass=\"woow_whatsapp_button\" data-source=\"shop\"><img src=\"https:\/\/milissagiyim.com\/wp-content\/plugins\/order-on-mobile-for-woocommerce\/public\/\/img\/whatsapp-button.png\"><\/a>\n\t<\/li>\n<li class=\"entry author-sabah product type-product post-351 status-publish instock product_cat-women-shirt product_tag-louis-vuitton product_tag-lv has-post-thumbnail sale taxable shipping-taxable purchasable product-type-variable\">\n\t\t\t\t<a \n\t\t\thref='https:\/\/wa.me\/+905550777209?text=I want to buy->  \r\nYaz Kad\u0131n G\u00f6mlek\r\n  Qty:1\r\n  Price:36 USD'\n\t\t\tclass=\"woow_whatsapp_button\" data-source=\"shop\"><img src=\"https:\/\/milissagiyim.com\/wp-content\/plugins\/order-on-mobile-for-woocommerce\/public\/\/img\/whatsapp-button.png\"><\/a>\n\t<\/li>\n<li class=\"entry author-sabah has-excerpt product type-product post-409 status-publish instock product_cat-women-overall has-post-thumbnail sale taxable shipping-taxable purchasable product-type-variable\">\n\t\t\t\t<a \n\t\t\thref='https:\/\/wa.me\/+905550777209?text=I want to buy->  \r\nKad\u0131n Pamuklu Tulum\r\n  Qty:1\r\n  Price:46 USD'\n\t\t\tclass=\"woow_whatsapp_button\" data-source=\"shop\"><img src=\"https:\/\/milissagiyim.com\/wp-content\/plugins\/order-on-mobile-for-woocommerce\/public\/\/img\/whatsapp-button.png\"><\/a>\n\t<\/li>\n<li class=\"entry author-sabah product type-product post-420 status-publish last instock product_cat-women-dress product_tag-karl-lagerfeld has-post-thumbnail sale taxable shipping-taxable purchasable product-type-variable\">\n\t\t\t\t<a \n\t\t\thref='https:\/\/wa.me\/+905550777209?text=I want to buy->  \r\nKad\u0131n A\u00e7\u0131k Omuz Elbise\r\n  Qty:1\r\n  Price:44 USD'\n\t\t\tclass=\"woow_whatsapp_button\" data-source=\"shop\"><img src=\"https:\/\/milissagiyim.com\/wp-content\/plugins\/order-on-mobile-for-woocommerce\/public\/\/img\/whatsapp-button.png\"><\/a>\n\t<\/li>\n<li class=\"entry author-sabah product type-product post-413 status-publish first instock product_cat-women-dress has-post-thumbnail sale taxable shipping-taxable purchasable product-type-variable\">\n\t\t\t\t<a \n\t\t\thref='https:\/\/wa.me\/+905550777209?text=I want to buy->  \r\nKad\u0131n Yazl\u0131k Elbise\r\n  Qty:1\r\n  Price:36 USD'\n\t\t\tclass=\"woow_whatsapp_button\" data-source=\"shop\"><img src=\"https:\/\/milissagiyim.com\/wp-content\/plugins\/order-on-mobile-for-woocommerce\/public\/\/img\/whatsapp-button.png\"><\/a>\n\t<\/li>\n<li class=\"entry author-sabah product type-product post-363 status-publish instock product_cat-women-shirt product_tag-karl-lagerfeld has-post-thumbnail sale taxable shipping-taxable purchasable product-type-variable\">\n\t\t\t\t<a \n\t\t\thref='https:\/\/wa.me\/+905550777209?text=I want to buy->  \r\nKad\u0131n Yaz Bask\u0131l\u0131 G\u00f6mlek\r\n  Qty:1\r\n  Price:36 USD'\n\t\t\tclass=\"woow_whatsapp_button\" data-source=\"shop\"><img src=\"https:\/\/milissagiyim.com\/wp-content\/plugins\/order-on-mobile-for-woocommerce\/public\/\/img\/whatsapp-button.png\"><\/a>\n\t<\/li>\n<\/ul>\n<\/div>","protected":false},"excerpt":{"rendered":"<p><span class=\"more-link\"><a href=\"https:\/\/milissagiyim.com\/tr\/sale\/\">Continue Reading<\/a><\/span><\/p>\n","protected":false},"author":1,"featured_media":0,"parent":0,"menu_order":0,"comment_status":"closed","ping_status":"closed","template":"","meta":[],"aioseo_notices":[],"_links":{"self":[{"href":"https:\/\/milissagiyim.com\/tr\/wp-json\/wp\/v2\/pages\/162"}],"collection":[{"href":"https:\/\/milissagiyim.com\/tr\/wp-json\/wp\/v2\/pages"}],"about":[{"href":"https:\/\/milissagiyim.com\/tr\/wp-json\/wp\/v2\/types\/page"}],"author":[{"embeddable":true,"href":"https:\/\/milissagiyim.com\/tr\/wp-json\/wp\/v2\/users\/1"}],"replies":[{"embeddable":true,"href":"https:\/\/milissagiyim.com\/tr\/wp-json\/wp\/v2\/comments?post=162"}],"version-history":[{"count":2,"href":"https:\/\/milissagiyim.com\/tr\/wp-json\/wp\/v2\/pages\/162\/revisions"}],"predecessor-version":[{"id":164,"href":"https:\/\/milissagiyim.com\/tr\/wp-json\/wp\/v2\/pages\/162\/revisions\/164"}],"wp:attachment":[{"href":"https:\/\/milissagiyim.com\/tr\/wp-json\/wp\/v2\/media?parent=162"}],"curies":[{"name":"wp","href":"https:\/\/api.w.org\/{rel}","templated":true}]}}